{"id":715,"date":"2018-04-16T15:53:17","date_gmt":"2018-04-16T14:53:17","guid":{"rendered":"http:\/\/www.enalion.com\/imprint\/"},"modified":"2018-05-02T13:26:06","modified_gmt":"2018-05-02T12:26:06","slug":"impressum","status":"publish","type":"page","link":"https:\/\/www.enalion.gr\/de\/impressum\/","title":{"rendered":"Impressum"},"content":{"rendered":"<p>[et_pb_section bb_built=&#8220;1&#8243; fullwidth=&#8220;on&#8220; _builder_version=&#8220;3.0.47&#8243; next_background_color=&#8220;#000000&#8243;][et_pb_fullwidth_header title=&#8220;Imprint&#8220; text_orientation=&#8220;center&#8220; header_scroll_down=&#8220;on&#8220; scroll_down_icon=&#8220;%%7%%&#8220; _builder_version=&#8220;3.0.106&#8243; title_font=&#8220;Arial|800||on|||||&#8220; title_text_align=&#8220;center&#8220; use_background_color_gradient=&#8220;on&#8220; background_color_gradient_start=&#8220;#f42222&#8243; background_color_gradient_end=&#8220;#a5003a&#8220; background_layout=&#8220;dark&#8220; background_color=&#8220;rgba(255, 255, 255, 0)&#8220;]<br \/>\n[\/et_pb_fullwidth_header][\/et_pb_section][et_pb_section bb_built=&#8220;1&#8243; _builder_version=&#8220;3.0.47&#8243; prev_background_color=&#8220;#000000&#8243;][et_pb_row _builder_version=&#8220;3.1.1&#8243; background_size=&#8220;initial&#8220; background_position=&#8220;top_left&#8220; background_repeat=&#8220;repeat&#8220; custom_padding=&#8220;10px|10px|10px|10px&#8220; box_shadow_style=&#8220;preset2&#8243;][et_pb_column type=&#8220;4_4&#8243;][et_pb_text _builder_version=&#8220;3.2&#8243;]<\/p>\n<p>Athanasios Efstathios Kallios<br \/>\nKentriko Xenodoxeio \u2013 Ypokaststima Caf\u00e9 Bar Elxis<br \/>\n37010 Kala Nera, Griechenland<br \/>\nVat id: EL038475465<br \/>\nBusiness registration number: MHTE: 0726K032A0005101<\/p>\n<p>&nbsp;<\/p>\n<h2 data-fontsize=\"26\" data-lineheight=\"27\">Haftungsausschluss<\/h2>\n<p>Trotz sorgf\u00e4ltiger Pr\u00fcfung k\u00f6nnen wir keine Haftung f\u00fcr die Inhalte externer Links \u00fcbernehmen. F\u00fcr den Inhalt diese Seiten sind ausschlie\u00dflich deren Betreiber verantwortlich.<\/p>\n<p><strong>Informationen zur Online-Streitbeilegungsplattform:<\/strong><\/p>\n<p><strong>Online-Streitbeilegung gem\u00e4\u00df Art. 14 Abs. 1 ODR-VO: Die Europ\u00e4ische Kommission stellt eine Plattform zur Online-Streitbeilegung (OS) bereit, die Sie unter\u00a0<\/strong><a href=\"http:\/\/ec.europa.eu\/consumers\/odr\/\"><strong>http:\/\/ec.europa.eu\/consumers\/odr\/<\/strong><\/a><strong>\u00a0finden.<\/strong><\/p>\n<p>[\/et_pb_text][\/et_pb_column][\/et_pb_row][\/et_pb_section]<\/p>\n","protected":false},"excerpt":{"rendered":"<p>Athanasios Efstathios Kallios Kentriko Xenodoxeio \u2013 Ypokaststima Caf\u00e9 Bar Elxis 37010 Kala Nera, Griechenland Vat id: EL038475465 Business registration number: MHTE: 0726K032A0005101 &nbsp; Haftungsausschluss Trotz sorgf\u00e4ltiger Pr\u00fcfung k\u00f6nnen wir keine Haftung f\u00fcr die Inhalte externer Links \u00fcbernehmen. F\u00fcr den Inhalt diese Seiten sind ausschlie\u00dflich deren Betreiber verantwortlich. Informationen zur Online-Streitbeilegungsplattform: Online-Streitbeilegung gem\u00e4\u00df Art. 14 Abs. [&hellip;]<\/p>\n","protected":false},"author":1,"featured_media":0,"parent":0,"menu_order":0,"comment_status":"closed","ping_status":"closed","template":"","meta":{"_et_pb_use_builder":"on","_et_pb_old_content":"<p>Athanasios Efstathios Kallios<br \/> Kentriko Xenodoxeio \u2013 Ypokaststima Caf\u00e9 Bar Elxis<br \/> 37010 Kala Nera, Greece<br \/> Vat id: EL038475465<br \/> Business registration number: MHTE: 0726K032A0005101<\/p>","_et_gb_content_width":"","footnotes":""},"class_list":["post-715","page","type-page","status-publish","hentry"],"_links":{"self":[{"href":"https:\/\/www.enalion.gr\/de\/wp-json\/wp\/v2\/pages\/715","targetHints":{"allow":["GET"]}}],"collection":[{"href":"https:\/\/www.enalion.gr\/de\/wp-json\/wp\/v2\/pages"}],"about":[{"href":"https:\/\/www.enalion.gr\/de\/wp-json\/wp\/v2\/types\/page"}],"author":[{"embeddable":true,"href":"https:\/\/www.enalion.gr\/de\/wp-json\/wp\/v2\/users\/1"}],"replies":[{"embeddable":true,"href":"https:\/\/www.enalion.gr\/de\/wp-json\/wp\/v2\/comments?post=715"}],"version-history":[{"count":0,"href":"https:\/\/www.enalion.gr\/de\/wp-json\/wp\/v2\/pages\/715\/revisions"}],"wp:attachment":[{"href":"https:\/\/www.enalion.gr\/de\/wp-json\/wp\/v2\/media?parent=715"}],"curies":[{"name":"wp","href":"https:\/\/api.w.org\/{rel}","templated":true}]}}