{"id":722,"date":"2018-03-31T17:40:50","date_gmt":"2018-03-31T16:40:50","guid":{"rendered":"http:\/\/www.enalion.com\/cancellation-costs\/"},"modified":"2018-05-02T14:00:50","modified_gmt":"2018-05-02T13:00:50","slug":"stornokosten","status":"publish","type":"page","link":"https:\/\/www.enalion.gr\/de\/stornokosten\/","title":{"rendered":"Stornokosten"},"content":{"rendered":"<p>[et_pb_section bb_built=&#8220;1&#8243; fullwidth=&#8220;on&#8220; _builder_version=&#8220;3.1.1&#8243; custom_padding=&#8220;5px|5px|5px|5px&#8220;][et_pb_fullwidth_header title=&#8220;Cancellation Costs&#8220; text_orientation=&#8220;center&#8220; header_fullscreen=&#8220;on&#8220; background_overlay_color=&#8220;rgba(0,0,0,0.58)&#8220; _builder_version=&#8220;3.2&#8243; title_font=&#8220;Arial|600||on|||||&#8220; content_font=&#8220;Arial|500|||||||&#8220; background_image=&#8220;https:\/\/www.enalion.gr\/wp-content\/uploads\/2018\/03\/enalion_kalanera_pelion_05.jpg&#8220; parallax=&#8220;on&#8220; border_radii=&#8220;on|5px|5px|5px|5px&#8220; border_width_all=&#8220;3px&#8220; border_color_all=&#8220;#ffffff&#8220; custom_margin=&#8220;10px|10px|10px|10px&#8220; box_shadow_style=&#8220;preset3&#8243; background_color=&#8220;rgba(255, 255, 255, 0)&#8220;]<\/p>\n<p><strong>STORNOBEDINGUNGEN<\/strong><br \/>\nUm eine Reservierung zu best\u00e4tigen, ist eine Anzahlung erforderlich.<br \/>\nZahlungen:<br \/>\nBei Reservierungen bis 2 Wochen vor Anreise 100% des Gesamtpreises.<br \/>\nBei Reservierungen mehr als 3 Wochen vor Ankunft 30% des Gesamtpreises.<br \/>\nDer Restbetrag muss 2 Wochen vor Reiseantritt bezahlt werden.<\/p>\n<p><strong>Stornierungen:<\/strong><br \/>\nF\u00fcr das Widerrufsrecht bitten Sie das Hotel um die Erkl\u00e4rung des Widerrufs (per E-Mail oder per Fax).<br \/>\nStornierungskosten:<\/p>\n<p>bis 60 Tage vor Reisebeginn 30% des gebuchten Preises<br \/>\n59 bis 22 Tage vor Abreise 50% des gebuchten Preises<br \/>\n21 bis 15 Tage vor Reisebeginn 80% des gebuchten Preises<br \/>\n14 Tage bis zur Ankunft 100%<\/p>\n<p>&nbsp;<\/p>\n<p><strong>Anmerkungen:<\/strong><\/p>\n<p>Bitte beachten Sie, dass f\u00fcr jede \u00dcbernachtung, gem\u00e4\u00df dem neuen Gesetz in Griechenland, 4389\/2016, FEK (Government Gazette) \u0391 94-2016, Artikel 53, eine Steuer auf den Aufenthalt f\u00fcr den \u00f6ffentlichen Teil f\u00fcr touristische Unternehmen ab 1 erhoben wird \/ 1\/2018. Im Enalion Hotel m\u00fcssen Sie 0,50 Euro extra pro Nacht pro Apartment zahlen (nicht pro Person).<\/p>\n<p>Sie zahlen die zus\u00e4tzliche Geb\u00fchr bei der Ankunft.<\/p>\n<p>[\/et_pb_fullwidth_header][\/et_pb_section]<\/p>\n","protected":false},"excerpt":{"rendered":"<p>STORNOBEDINGUNGEN Um eine Reservierung zu best\u00e4tigen, ist eine Anzahlung erforderlich. Zahlungen: Bei Reservierungen bis 2 Wochen vor Anreise 100% des Gesamtpreises. Bei Reservierungen mehr als 3 Wochen vor Ankunft 30% des Gesamtpreises. Der Restbetrag muss 2 Wochen vor Reiseantritt bezahlt werden. Stornierungen: F\u00fcr das Widerrufsrecht bitten Sie das Hotel um die Erkl\u00e4rung des Widerrufs (per [&hellip;]<\/p>\n","protected":false},"author":1,"featured_media":0,"parent":0,"menu_order":0,"comment_status":"closed","ping_status":"closed","template":"","meta":{"_et_pb_use_builder":"on","_et_pb_old_content":"<p>For a reservation to be confirmed, a deposit is required.<br \/><br \/>Payments:<br \/>For reservations up to 2 weeks before arrival 100% of the total price.<br \/>For reservations more than 3 weeks before arrival 30% of the total price.<br \/>The remainder of the price must be paid 2 weeks before journey.<br \/><br \/>Cancelations:<br \/>For the cancellation rights ask the hotel for the declaration of withdrawal (by E-Mail or by fax).<br \/>Cancellation costs:<br \/><br \/>up to 60 days before departure 30% of the booked price<br \/>59 to 22 days before departure 50% of the booked price<br \/>21 to 15 days before departure 80% of the booked price<br \/>14 days to arrival 100%<\/p>","_et_gb_content_width":"","footnotes":""},"class_list":["post-722","page","type-page","status-publish","hentry"],"_links":{"self":[{"href":"https:\/\/www.enalion.gr\/de\/wp-json\/wp\/v2\/pages\/722","targetHints":{"allow":["GET"]}}],"collection":[{"href":"https:\/\/www.enalion.gr\/de\/wp-json\/wp\/v2\/pages"}],"about":[{"href":"https:\/\/www.enalion.gr\/de\/wp-json\/wp\/v2\/types\/page"}],"author":[{"embeddable":true,"href":"https:\/\/www.enalion.gr\/de\/wp-json\/wp\/v2\/users\/1"}],"replies":[{"embeddable":true,"href":"https:\/\/www.enalion.gr\/de\/wp-json\/wp\/v2\/comments?post=722"}],"version-history":[{"count":0,"href":"https:\/\/www.enalion.gr\/de\/wp-json\/wp\/v2\/pages\/722\/revisions"}],"wp:attachment":[{"href":"https:\/\/www.enalion.gr\/de\/wp-json\/wp\/v2\/media?parent=722"}],"curies":[{"name":"wp","href":"https:\/\/api.w.org\/{rel}","templated":true}]}}