{"id":729,"date":"2018-03-31T09:52:48","date_gmt":"2018-03-31T08:52:48","guid":{"rendered":"http:\/\/www.enalion.com\/activities\/"},"modified":"2024-07-31T11:51:59","modified_gmt":"2024-07-31T10:51:59","slug":"activities","status":"publish","type":"page","link":"https:\/\/www.enalion.gr\/de\/activities\/","title":{"rendered":"Aktivit\u00e4ten"},"content":{"rendered":"<p>[et_pb_section fb_built=&#8220;1&#8243; admin_label=&#8220;Hero&#8220; _builder_version=&#8220;4.16&#8243; use_background_color_gradient=&#8220;on&#8220; background_color_gradient_stops=&#8220;rgba(0,0,0,0.5) 0%|rgba(0,0,0,0) 100%&#8220; background_color_gradient_overlays_image=&#8220;on&#8220; background_color_gradient_start=&#8220;rgba(0,0,0,0.5)&#8220; background_color_gradient_end=&#8220;rgba(0,0,0,0)&#8220; background_image=&#8220;https:\/\/www.enalion.gr\/wp-content\/uploads\/2021\/03\/sevach-gallery5.jpg&#8220; background_blend=&#8220;lighten&#8220; custom_margin=&#8220;|||&#8220; custom_padding=&#8220;180px||0px|&#8220; bottom_divider_style=&#8220;wave&#8220; bottom_divider_color=&#8220;#ffffff&#8220; bottom_divider_flip=&#8220;horizontal&#8220; animation_style=&#8220;slide&#8220; animation_direction=&#8220;top&#8220; animation_intensity_slide=&#8220;5%&#8220; animation_starting_opacity=&#8220;100%&#8220; global_colors_info=&#8220;{}&#8220;][et_pb_row column_structure=&#8220;3_4,1_4&#8243; _builder_version=&#8220;4.16&#8243; background_size=&#8220;initial&#8220; background_position=&#8220;top_left&#8220; background_repeat=&#8220;repeat&#8220; custom_padding=&#8220;29px|0px|0px|0&#8243; global_colors_info=&#8220;{}&#8220;][et_pb_column type=&#8220;3_4&#8243; _builder_version=&#8220;4.16&#8243; custom_padding=&#8220;|||&#8220; global_colors_info=&#8220;{}&#8220; custom_padding__hover=&#8220;|||&#8220;][et_pb_text admin_label=&#8220;Title&#8220; _builder_version=&#8220;4.16&#8243; header_font=&#8220;Montserrat|600|||||||&#8220; header_font_size=&#8220;80px&#8220; header_line_height=&#8220;1.2em&#8220; background_layout=&#8220;dark&#8220; animation_style=&#8220;zoom&#8220; animation_direction=&#8220;left&#8220; animation_intensity_zoom=&#8220;10%&#8220; header_font_size_tablet=&#8220;&#8220; header_font_size_phone=&#8220;72px&#8220; header_font_size_last_edited=&#8220;on|phone&#8220; global_colors_info=&#8220;{}&#8220;]<\/p>\n<h1>Bootsausflug<\/h1>\n<p>[\/et_pb_text][\/et_pb_column][et_pb_column type=&#8220;1_4&#8243; _builder_version=&#8220;4.16&#8243; custom_padding=&#8220;|||&#8220; global_colors_info=&#8220;{}&#8220; custom_padding__hover=&#8220;|||&#8220;][\/et_pb_column][\/et_pb_row][\/et_pb_section][et_pb_section fb_built=&#8220;1&#8243; _builder_version=&#8220;4.16&#8243; global_colors_info=&#8220;{}&#8220;][et_pb_row column_structure=&#8220;2_5,3_5&#8243; _builder_version=&#8220;4.16&#8243; background_size=&#8220;initial&#8220; background_position=&#8220;top_left&#8220; background_repeat=&#8220;repeat&#8220; custom_padding=&#8220;|30px||30px&#8220; box_shadow_style=&#8220;preset3&#8243; global_colors_info=&#8220;{}&#8220;][et_pb_column type=&#8220;2_5&#8243; _builder_version=&#8220;4.16&#8243; custom_padding=&#8220;|||&#8220; global_colors_info=&#8220;{}&#8220; custom_padding__hover=&#8220;|||&#8220;][et_pb_text _builder_version=&#8220;4.24.0&#8243; hover_enabled=&#8220;0&#8243; global_colors_info=&#8220;{}&#8220; sticky_enabled=&#8220;0&#8243;]<\/p>\n<p><strong>Eint\u00e4gige Kreuzfahrt auf den Pagasitikos Golf mit SEVACH<\/strong><\/p>\n<p>Startpunkt Kala Nera<\/p>\n<p>Genie\u00dfen Sie Ihren Urlaub diesen Sommer abseits von Menschenmengen. W\u00e4hlen Sie eine private Kreuzfahrt f\u00fcr sich und Ihre Liebsten. Halten Sie sicheren Abstand. Bleiben Sie sicher.<\/p>\n<p>F\u00fcr weitere Informationen kontaktieren Sie uns bitte.<\/p>\n<p>Die Passagiere werden gebeten, 20 Minuten vor Abfahrt vor Ort zu sein.<\/p>\n<p>Routen und Abfahrtszeiten k\u00f6nnen sich aufgrund schlechten Wetters oder unvorhergesehener Umst\u00e4nde \u00e4ndern oder storniert werden. Im Falle einer Stornierung der Reise haben Sie Anspruch auf eine vollst\u00e4ndige R\u00fcckerstattung oder einen Gutschein f\u00fcr ein zuk\u00fcnftiges Datum.<\/p>\n<p>Serviceleistungen W\u00e4hrend Ihres Aufenthalts auf unserem Boot bieten wir Ihnen Kaffee, Wasser sowie K\u00e4se-\/Olivenbrot aus einer traditionellen B\u00e4ckerei in der Region an. Au\u00dferdem erwartet Sie bei unserer R\u00fcckkehr ein k\u00fchler, k\u00f6stlicher Obstsalat!<\/p>\n<p>Zum Abschluss k\u00f6nnen Sie auf Wunsch ein Getr\u00e4nk Ihrer Wahl genie\u00dfen.<\/p>\n<p>Reiseroute Pras\u00fada \u2013 Kleine Insel im Pagasitischen Golf. Stopp zum Schwimmen f\u00fcr 40 bis 60 Minuten J\u00e1steni \u2013 Kleiner malerischer Hafen. Kurzer Stopp f\u00fcr Fotos Altes Tr\u00edkeri \u2013 Kleine Insel im Pagasitischen Golf. 2 Stunden Pause zum Mittagessen. Sie k\u00f6nnen auch die Heilige Kirche der Panagia Evaggelistria besuchen. Pr\u00e1sini \u00e1mmos \u2013 Palaio Trikeri Insel. 30 Minuten Schwimmstopp<\/p>\n<p>Weitere Details finden Sie unter <a href=\"https:\/\/sevachdailycruises.gr\" target=\"_new\" rel=\"noreferrer noopener\">https:\/\/sevachdailycruises.gr<\/a><\/p>\n<p>Das Angebot gilt f\u00fcr die Touristensaison 2021<\/p>\n<p>[\/et_pb_text][\/et_pb_column][et_pb_column type=&#8220;3_5&#8243; _builder_version=&#8220;4.16&#8243; custom_padding=&#8220;|||&#8220; global_colors_info=&#8220;{}&#8220; custom_padding__hover=&#8220;|||&#8220;][et_pb_gallery gallery_ids=&#8220;1107,1104,1101,1098,1095,1092&#8243; posts_number=&#8220;6&#8243; show_title_and_caption=&#8220;off&#8220; show_pagination=&#8220;off&#8220; _builder_version=&#8220;4.16&#8243; _module_preset=&#8220;default&#8220; global_colors_info=&#8220;{}&#8220;][\/et_pb_gallery][\/et_pb_column][\/et_pb_row][\/et_pb_section]<\/p>\n","protected":false},"excerpt":{"rendered":"<p>BootsausflugEint\u00e4gige Kreuzfahrt auf den Pagasitikos Golf mit SEVACH Startpunkt Kala Nera Genie\u00dfen Sie Ihren Urlaub diesen Sommer abseits von Menschenmengen. W\u00e4hlen Sie eine private Kreuzfahrt f\u00fcr sich und Ihre Liebsten. Halten Sie sicheren Abstand. Bleiben Sie sicher. F\u00fcr weitere Informationen kontaktieren Sie uns bitte. Die Passagiere werden gebeten, 20 Minuten vor Abfahrt vor Ort zu [&hellip;]<\/p>\n","protected":false},"author":1,"featured_media":0,"parent":0,"menu_order":0,"comment_status":"closed","ping_status":"closed","template":"","meta":{"_et_pb_use_builder":"on","_et_pb_old_content":"","_et_gb_content_width":"","footnotes":""},"class_list":["post-729","page","type-page","status-publish","hentry"],"_links":{"self":[{"href":"https:\/\/www.enalion.gr\/de\/wp-json\/wp\/v2\/pages\/729","targetHints":{"allow":["GET"]}}],"collection":[{"href":"https:\/\/www.enalion.gr\/de\/wp-json\/wp\/v2\/pages"}],"about":[{"href":"https:\/\/www.enalion.gr\/de\/wp-json\/wp\/v2\/types\/page"}],"author":[{"embeddable":true,"href":"https:\/\/www.enalion.gr\/de\/wp-json\/wp\/v2\/users\/1"}],"replies":[{"embeddable":true,"href":"https:\/\/www.enalion.gr\/de\/wp-json\/wp\/v2\/comments?post=729"}],"version-history":[{"count":6,"href":"https:\/\/www.enalion.gr\/de\/wp-json\/wp\/v2\/pages\/729\/revisions"}],"predecessor-version":[{"id":1189,"href":"https:\/\/www.enalion.gr\/de\/wp-json\/wp\/v2\/pages\/729\/revisions\/1189"}],"wp:attachment":[{"href":"https:\/\/www.enalion.gr\/de\/wp-json\/wp\/v2\/media?parent=729"}],"curies":[{"name":"wp","href":"https:\/\/api.w.org\/{rel}","templated":true}]}}