{"id":730,"date":"2018-03-30T18:44:46","date_gmt":"2018-03-30T17:44:46","guid":{"rendered":"http:\/\/www.enalion.com\/facilities\/"},"modified":"2018-05-02T13:23:18","modified_gmt":"2018-05-02T12:23:18","slug":"fruehstueck-cafe-bar","status":"publish","type":"page","link":"https:\/\/www.enalion.gr\/de\/fruehstueck-cafe-bar\/","title":{"rendered":"Caf\u00e9-Bar"},"content":{"rendered":"<p>[et_pb_section bb_built=&#8220;1&#8243; admin_label=&#8220;Hero Section&#8220; _builder_version=&#8220;3.1.1&#8243; use_background_color_gradient=&#8220;on&#8220; background_color_gradient_start=&#8220;rgba(0,0,0,0.5)&#8220; background_color_gradient_end=&#8220;rgba(0,0,0,0)&#8220; background_color_gradient_overlays_image=&#8220;on&#8220; background_image=&#8220;https:\/\/www.enalion.gr\/wp-content\/uploads\/2018\/04\/20170531_194319.jpg&#8220; parallax=&#8220;on&#8220; parallax_method=&#8220;off&#8220; custom_margin=&#8220;|||&#8220; custom_padding=&#8220;8.2%||20%|&#8220; next_background_color=&#8220;#ffffff&#8220;][et_pb_row _builder_version=&#8220;3.1.1&#8243; background_size=&#8220;initial&#8220; background_position=&#8220;top_left&#8220; background_repeat=&#8220;repeat&#8220; background_color=&#8220;rgba(0,0,0,0.37)&#8220; custom_padding=&#8220;27px|0px|27px|0px&#8220;][et_pb_column type=&#8220;4_4&#8243;][et_pb_text admin_label=&#8220;Title&#8220; _builder_version=&#8220;3.2&#8243; text_font=&#8220;Quattrocento|700|||||||&#8220; text_text_color=&#8220;rgba(255,255,255,0.92)&#8220; text_font_size=&#8220;29px&#8220; text_line_height=&#8220;1.4em&#8220; header_font=&#8220;Quattrocento|||on|||||&#8220; header_text_align=&#8220;center&#8220; header_text_color=&#8220;#278416&#8243; header_font_size=&#8220;80px&#8220; header_font_size_tablet=&#8220;40px&#8220; header_font_size_last_edited=&#8220;on|tablet&#8220; header_letter_spacing=&#8220;6px&#8220; header_line_height=&#8220;1.4em&#8220; text_orientation=&#8220;center&#8220; background_layout=&#8220;dark&#8220; max_width=&#8220;800px&#8220; module_alignment=&#8220;center&#8220; animation_style=&#8220;zoom&#8220; animation_starting_opacity=&#8220;100%&#8220; text_text_shadow_style=&#8220;preset2&#8243; header_2_text_shadow_style=&#8220;preset1&#8243; animation_speed_curve=&#8220;ease-in&#8220; header_2_font=&#8220;Abel||||||||&#8220;]<\/p>\n<p>Enalion Hotel Fr\u00fchst\u00fcck &#038; Caf\u00e9-Bar<\/p>\n<p>[\/et_pb_text][\/et_pb_column][\/et_pb_row][\/et_pb_section][et_pb_section bb_built=&#8220;1&#8243; admin_label=&#8220;Featured Collections Section&#8220; _builder_version=&#8220;3.0.105&#8243; background_image=&#8220;https:\/\/www.enalion.gr\/wp-content\/uploads\/2018\/03\/tea_shop_42.jpg&#8220; background_position=&#8220;center_right&#8220; box_shadow_style=&#8220;preset3&#8243; box_shadow_vertical=&#8220;80px&#8220; box_shadow_blur=&#8220;120px&#8220; box_shadow_spread=&#8220;-60px&#8220; box_shadow_color=&#8220;rgba(63,63,31,0.3)&#8220; max_width=&#8220;80%&#8220; module_alignment=&#8220;center&#8220; custom_margin=&#8220;-6%|||&#8220; custom_padding=&#8220;120px||120px|&#8220; animation_style=&#8220;slide&#8220; animation_direction=&#8220;left&#8220; animation_intensity_slide=&#8220;2%&#8220; animation_starting_opacity=&#8220;100%&#8220; locked=&#8220;off&#8220; prev_background_color=&#8220;#ffffff&#8220;][et_pb_row _builder_version=&#8220;3.0.105&#8243;][et_pb_column type=&#8220;4_4&#8243;][et_pb_text admin_label=&#8220;Title&#8220; _builder_version=&#8220;3.2&#8243; header_2_font=&#8220;Quattrocento||||||||&#8220; header_2_font_size=&#8220;60px&#8220; header_2_font_size_tablet=&#8220;40px&#8220; header_2_font_size_last_edited=&#8220;on|tablet&#8220; header_2_line_height=&#8220;1.3em&#8220; text_orientation=&#8220;center&#8220; custom_margin=&#8220;||10px|&#8220; animation_style=&#8220;fade&#8220; animation_direction=&#8220;left&#8220; animation_starting_opacity=&#8220;100%&#8220;]<\/p>\n<h2>Fr\u00fchst\u00fcck &#038; Caf\u00e9-Bar<\/h2>\n<p>[\/et_pb_text][et_pb_text admin_label=&#8220;Subtitle&#8220; _builder_version=&#8220;3.2&#8243; text_font=&#8220;Quattrocento||||||||&#8220; text_font_size=&#8220;18px&#8220; text_line_height=&#8220;2.2em&#8220; text_orientation=&#8220;center&#8220; max_width=&#8220;700px&#8220; module_alignment=&#8220;center&#8220; animation_style=&#8220;fade&#8220; animation_direction=&#8220;left&#8220; animation_starting_opacity=&#8220;100%&#8220;]<\/p>\n<p><strong>Fr\u00fchst\u00fcck<\/strong><\/p>\n<p>Beginnen Sie Ihren Tag mit einem reichhaltigen Fr\u00fchst\u00fcck. Unser Buffet bietet eine Vielfalt und ein gesundes und frisches Fr\u00fchst\u00fcckt an.<\/p>\n<p><strong>Zimmer-Service<\/strong><\/p>\n<p>Auf Wunsch kann das Fr\u00fchst\u00fcck auch auf dem Zimmer oder auf Ihrem Balkon serviert werden.<\/p>\n<p><strong>Restaurant<\/strong><\/p>\n<p>Lassen Sie sich in unserem Restaurant verw\u00f6hnen und geniessen Sie unsere Spezialit\u00e4ten.<\/p>\n<p><strong>Caf\u00e9<\/strong><\/p>\n<p>In unserem Caf\u00e9-Bar mit sch\u00f6nem Meerblick bestellen Sie Ihr Lieblingsgetr\u00e4nk oder&#8230;<\/p>\n<p><strong>Strand-Service<\/strong><\/p>\n<p>&#8230;lassen Sie es Ihnen am Strand bringen!<\/p>\n<p>[\/et_pb_text][\/et_pb_column][\/et_pb_row][\/et_pb_section]<\/p>\n","protected":false},"excerpt":{"rendered":"<p>Enalion Hotel Fr\u00fchst\u00fcck &#038; Caf\u00e9-Bar Fr\u00fchst\u00fcck &#038; Caf\u00e9-Bar Fr\u00fchst\u00fcck Beginnen Sie Ihren Tag mit einem reichhaltigen Fr\u00fchst\u00fcck. Unser Buffet bietet eine Vielfalt und ein gesundes und frisches Fr\u00fchst\u00fcckt an. Zimmer-Service Auf Wunsch kann das Fr\u00fchst\u00fcck auch auf dem Zimmer oder auf Ihrem Balkon serviert werden. Restaurant Lassen Sie sich in unserem Restaurant verw\u00f6hnen und geniessen [&hellip;]<\/p>\n","protected":false},"author":1,"featured_media":0,"parent":0,"menu_order":0,"comment_status":"closed","ping_status":"closed","template":"","meta":{"_et_pb_use_builder":"on","_et_pb_old_content":"","_et_gb_content_width":"","footnotes":""},"class_list":["post-730","page","type-page","status-publish","hentry"],"_links":{"self":[{"href":"https:\/\/www.enalion.gr\/de\/wp-json\/wp\/v2\/pages\/730","targetHints":{"allow":["GET"]}}],"collection":[{"href":"https:\/\/www.enalion.gr\/de\/wp-json\/wp\/v2\/pages"}],"about":[{"href":"https:\/\/www.enalion.gr\/de\/wp-json\/wp\/v2\/types\/page"}],"author":[{"embeddable":true,"href":"https:\/\/www.enalion.gr\/de\/wp-json\/wp\/v2\/users\/1"}],"replies":[{"embeddable":true,"href":"https:\/\/www.enalion.gr\/de\/wp-json\/wp\/v2\/comments?post=730"}],"version-history":[{"count":0,"href":"https:\/\/www.enalion.gr\/de\/wp-json\/wp\/v2\/pages\/730\/revisions"}],"wp:attachment":[{"href":"https:\/\/www.enalion.gr\/de\/wp-json\/wp\/v2\/media?parent=730"}],"curies":[{"name":"wp","href":"https:\/\/api.w.org\/{rel}","templated":true}]}}