{"id":739,"date":"2018-03-30T18:42:30","date_gmt":"2018-03-30T17:42:30","guid":{"rendered":"http:\/\/www.enalion.com\/location\/"},"modified":"2018-05-02T12:05:33","modified_gmt":"2018-05-02T11:05:33","slug":"lage","status":"publish","type":"page","link":"https:\/\/www.enalion.gr\/de\/lage\/","title":{"rendered":"Lage"},"content":{"rendered":"<p>[et_pb_section bb_built=&#8220;1&#8243; admin_label=&#8220;Hero Section&#8220; _builder_version=&#8220;3.0.101&#8243; use_background_color_gradient=&#8220;on&#8220; background_color_gradient_start=&#8220;rgba(0,0,0,0.5)&#8220; background_color_gradient_end=&#8220;rgba(0,0,0,0)&#8220; background_color_gradient_overlays_image=&#8220;on&#8220; background_image=&#8220;https:\/\/www.enalion.gr\/wp-content\/uploads\/2018\/03\/IMG_7046.jpg&#8220; parallax=&#8220;on&#8220; custom_margin=&#8220;|||&#8220; custom_padding=&#8220;13.8%||13.4%|&#8220; next_background_color=&#8220;#ffffff&#8220;][et_pb_row _builder_version=&#8220;3.1.1&#8243; background_color=&#8220;rgba(0,0,0,0.38)&#8220; background_size=&#8220;initial&#8220; background_position=&#8220;top_left&#8220; background_repeat=&#8220;repeat&#8220; border_radii=&#8220;|12px|12px|12px|12px&#8220;][et_pb_column type=&#8220;4_4&#8243;][et_pb_text admin_label=&#8220;Title&#8220; _builder_version=&#8220;3.2&#8243; text_font=&#8220;Quattrocento||||||||&#8220; text_font_size=&#8220;22px&#8220; text_line_height=&#8220;1.4em&#8220; header_font=&#8220;Quattrocento|||on|||||&#8220; header_text_align=&#8220;center&#8220; header_font_size=&#8220;80px&#8220; header_font_size_tablet=&#8220;40px&#8220; header_font_size_last_edited=&#8220;on|tablet&#8220; header_letter_spacing=&#8220;6px&#8220; header_line_height=&#8220;1.4em&#8220; text_orientation=&#8220;center&#8220; background_layout=&#8220;dark&#8220; max_width=&#8220;800px&#8220; module_alignment=&#8220;center&#8220; animation_style=&#8220;slide&#8220; animation_direction=&#8220;top&#8220; animation_intensity_slide=&#8220;3%&#8220; animation_starting_opacity=&#8220;100%&#8220;]<\/p>\n<h1>Kala Nera<\/h1>\n<p>[\/et_pb_text][et_pb_button _builder_version=&#8220;3.2&#8243; button_text=&#8220;Landkarte&#8220; button_url=&#8220;#map&#8220; button_alignment=&#8220;center&#8220; background_layout=&#8220;dark&#8220; box_shadow_style=&#8220;preset2&#8243; \/][\/et_pb_column][\/et_pb_row][\/et_pb_section][et_pb_section bb_built=&#8220;1&#8243; admin_label=&#8220;Featured Collections Section&#8220; _builder_version=&#8220;3.0.105&#8243; background_image=&#8220;https:\/\/www.enalion.gr\/wp-content\/uploads\/2018\/03\/tea_shop_42.jpg&#8220; background_position=&#8220;center_right&#8220; box_shadow_style=&#8220;preset3&#8243; box_shadow_vertical=&#8220;80px&#8220; box_shadow_blur=&#8220;120px&#8220; box_shadow_spread=&#8220;-60px&#8220; box_shadow_color=&#8220;rgba(63,63,31,0.3)&#8220; max_width=&#8220;80%&#8220; module_alignment=&#8220;center&#8220; custom_margin=&#8220;-6%|||&#8220; custom_padding=&#8220;120px||120px|&#8220; animation_style=&#8220;slide&#8220; animation_direction=&#8220;left&#8220; animation_intensity_slide=&#8220;2%&#8220; animation_starting_opacity=&#8220;100%&#8220; locked=&#8220;off&#8220; prev_background_color=&#8220;#ffffff&#8220; next_background_color=&#8220;#ffffff&#8220;][et_pb_row _builder_version=&#8220;3.0.105&#8243;][et_pb_column type=&#8220;4_4&#8243;][et_pb_text admin_label=&#8220;Title&#8220; _builder_version=&#8220;3.2&#8243; header_2_font=&#8220;Quattrocento||||||||&#8220; header_2_font_size=&#8220;60px&#8220; header_2_font_size_tablet=&#8220;40px&#8220; header_2_font_size_last_edited=&#8220;on|tablet&#8220; header_2_line_height=&#8220;1.3em&#8220; text_orientation=&#8220;center&#8220; custom_margin=&#8220;||10px|&#8220; animation_style=&#8220;fade&#8220; animation_direction=&#8220;left&#8220; animation_starting_opacity=&#8220;100%&#8220;]<\/p>\n<h2>Kala Nera Pilion<\/h2>\n<p>[\/et_pb_text][et_pb_text admin_label=&#8220;Subtitle&#8220; _builder_version=&#8220;3.2&#8243; text_font=&#8220;Quattrocento||||||||&#8220; text_font_size=&#8220;18px&#8220; text_line_height=&#8220;2.2em&#8220; text_orientation=&#8220;center&#8220; max_width=&#8220;700px&#8220; module_alignment=&#8220;center&#8220; animation_style=&#8220;fade&#8220; animation_direction=&#8220;left&#8220; animation_starting_opacity=&#8220;100%&#8220;]<\/p>\n<p>Unser Hotel liegt in Kala Nera (18 km s\u00fcdlich von Volos) direkt am Meer und bietet seinen Besuchern angenehmen Aufenthalt.<\/p>\n<p>Kala Nera ist ein idealer Urlaubsort f\u00fcr Familien und junge Leute. Au\u00dfer dem Schwimmen in dem sauberen und sicheren Wasser des Meeres gibt es die M\u00f6glichkeit f\u00fcr das Fischen, Segeln, Surfen und Wasser-Ski.<\/p>\n<p>Die Lage des Hotels ist einer der besten Ausgangspunkten, um die Pilion-D\u00f6rfern und die gesamte Halbinsel zu erkunden.<\/p>\n<p>Unser Hotel befindet sich Mitten im Dorf von Kala Nera nur 20 m vom flachfallenden Sand-Kiesstrand entfernt. Man kann alles zu Fu\u00df erreichen; Tavernen, Restaurants, Einkaufsm\u00f6glichkeiten, Bushaltestelle.<br \/>\nEs gibt eine gute Busverbindung nach Volos, so dass ein Mietwagen nicht unbedingt notwendig ist. Es empfiehlt sich aber f\u00fcr ein Paar Tagen einen Mietwagen zu mieten, um Pilion zu erkunden.<\/p>\n<p>[\/et_pb_text][\/et_pb_column][\/et_pb_row][et_pb_row _builder_version=&#8220;3.0.105&#8243;][et_pb_column type=&#8220;4_4&#8243;][et_pb_button button_url=&#8220;https:\/\/www.enalion.gr\/de\/zimmer\/&#8220; button_text=&#8220;Ihre Unterkunft&#8220; button_alignment=&#8220;center&#8220; _builder_version=&#8220;3.2&#8243; custom_button=&#8220;on&#8220; button_text_size=&#8220;14px&#8220; button_text_color=&#8220;#ffffff&#8220; button_bg_color=&#8220;#93b786&#8243; button_border_width=&#8220;12px&#8220; button_border_color=&#8220;#93b786&#8243; button_border_radius=&#8220;0px&#8220; button_letter_spacing=&#8220;4px&#8220; button_font=&#8220;Nunito Sans|700||on|||||&#8220; button_icon=&#8220;%%3%%&#8220; background_layout=&#8220;dark&#8220; custom_margin=&#8220;|||&#8220; animation_style=&#8220;slide&#8220; animation_direction=&#8220;top&#8220; animation_intensity_slide=&#8220;3%&#8220; animation_starting_opacity=&#8220;100%&#8220; locked=&#8220;off&#8220;]<\/p>\n<p>&nbsp;<\/p>\n<p>[\/et_pb_button][\/et_pb_column][\/et_pb_row][\/et_pb_section][et_pb_section bb_built=&#8220;1&#8243; _builder_version=&#8220;3.0.105&#8243; custom_padding=&#8220;120px||120px|&#8220; prev_background_color=&#8220;#000000&#8243;][et_pb_row custom_padding=&#8220;0|0px|21px|0px&#8220; _builder_version=&#8220;3.0.105&#8243; locked=&#8220;off&#8220;][et_pb_column type=&#8220;4_4&#8243;][et_pb_text admin_label=&#8220;Title&#8220; _builder_version=&#8220;3.2&#8243; header_line_height=&#8220;1.2em&#8220; header_2_font=&#8220;Quattrocento||||||||&#8220; header_2_text_align=&#8220;center&#8220; header_2_font_size=&#8220;60px&#8220; header_2_font_size_tablet=&#8220;40px&#8220; header_2_font_size_last_edited=&#8220;on|tablet&#8220; header_2_line_height=&#8220;1.3em&#8220; text_orientation=&#8220;center&#8220; custom_margin=&#8220;||10px|&#8220; animation_style=&#8220;fade&#8220; animation_direction=&#8220;left&#8220; animation_starting_opacity=&#8220;100%&#8220;]<\/p>\n<h2>Entfernungen<\/h2>\n<p>[\/et_pb_text][et_pb_text admin_label=&#8220;Subtitle&#8220; _builder_version=&#8220;3.2&#8243; text_font=&#8220;Quattrocento||||||||&#8220; text_font_size=&#8220;18px&#8220; text_line_height=&#8220;2.2em&#8220; text_orientation=&#8220;center&#8220; max_width=&#8220;700px&#8220; module_alignment=&#8220;center&#8220; animation_style=&#8220;fade&#8220; animation_direction=&#8220;left&#8220; animation_starting_opacity=&#8220;100%&#8220;]<\/p>\n<p>Kala Nera &#8211; Volos18 km<br \/>\nKala Nera &#8211; Flughafen N. Anchialos 50 km<br \/>\nKala Nera &#8211; FlughafenThessaloniki 239 km<br \/>\nKala Nera &#8211; Flughafen Athens 339 km<br \/>\nKala Nera &#8211; Patras 310 km<br \/>\nKala Nera &#8211; Igoumenitsa 360 km<\/p>\n<p>[\/et_pb_text][\/et_pb_column][\/et_pb_row][et_pb_row make_fullwidth=&#8220;on&#8220; custom_padding=&#8220;|50px||50px&#8220; custom_margin=&#8220;||-10px|&#8220; _builder_version=&#8220;3.1.1&#8243; background_color=&#8220;#0c71c3&#8243; background_size=&#8220;initial&#8220; background_position=&#8220;top_left&#8220; background_repeat=&#8220;repeat&#8220; box_shadow_style=&#8220;preset3&#8243; box_shadow_horizontal=&#8220;12px&#8220; box_shadow_vertical=&#8220;17px&#8220; box_shadow_blur=&#8220;22px&#8220;][et_pb_column type=&#8220;4_4&#8243;][et_pb_gallery gallery_ids=&#8220;322,317,318,319,320,321,323,316&#8243; posts_number=&#8220;8&#8243; show_title_and_caption=&#8220;off&#8220; show_pagination=&#8220;off&#8220; hover_overlay_color=&#8220;rgba(255,255,255,0.6)&#8220; hover_icon=&#8220;%%99%%&#8220; _builder_version=&#8220;3.1.1&#8243; pagination_font_size_tablet=&#8220;51&#8243; pagination_line_height_tablet=&#8220;2&#8243; box_shadow_style_image=&#8220;preset2&#8243; custom_margin=&#8220;||-55px|&#8220; animation_style=&#8220;zoom&#8220;]<\/p>\n<p>&nbsp;<\/p>\n<p>[\/et_pb_gallery][\/et_pb_column][\/et_pb_row][et_pb_row make_fullwidth=&#8220;on&#8220; _builder_version=&#8220;3.0.101&#8243; module_alignment=&#8220;center&#8220;][et_pb_column type=&#8220;4_4&#8243;][et_pb_code _builder_version=&#8220;3.1.1&#8243; module_class=&#8220;map&#8220; module_id=&#8220;map&#8220;]&lt;iframe src=&#8220;https:\/\/www.google.com\/maps\/d\/embed?mid=1xc-P56fe-QOFZa5cChk2IZHs1RQ&amp;hl=de&amp;z=9&#8243; width=&#8220;2080&#8243; height=&#8220;480&#8243;&gt;&lt;\/iframe&gt;[\/et_pb_code][\/et_pb_column][\/et_pb_row][\/et_pb_section]<\/p>\n","protected":false},"excerpt":{"rendered":"<p>Kala Nera Kala Nera Pilion Unser Hotel liegt in Kala Nera (18 km s\u00fcdlich von Volos) direkt am Meer und bietet seinen Besuchern angenehmen Aufenthalt. Kala Nera ist ein idealer Urlaubsort f\u00fcr Familien und junge Leute. Au\u00dfer dem Schwimmen in dem sauberen und sicheren Wasser des Meeres gibt es die M\u00f6glichkeit f\u00fcr das Fischen, Segeln, [&hellip;]<\/p>\n","protected":false},"author":1,"featured_media":0,"parent":0,"menu_order":0,"comment_status":"closed","ping_status":"closed","template":"","meta":{"_et_pb_use_builder":"on","_et_pb_old_content":"","_et_gb_content_width":"","footnotes":""},"class_list":["post-739","page","type-page","status-publish","hentry"],"_links":{"self":[{"href":"https:\/\/www.enalion.gr\/de\/wp-json\/wp\/v2\/pages\/739","targetHints":{"allow":["GET"]}}],"collection":[{"href":"https:\/\/www.enalion.gr\/de\/wp-json\/wp\/v2\/pages"}],"about":[{"href":"https:\/\/www.enalion.gr\/de\/wp-json\/wp\/v2\/types\/page"}],"author":[{"embeddable":true,"href":"https:\/\/www.enalion.gr\/de\/wp-json\/wp\/v2\/users\/1"}],"replies":[{"embeddable":true,"href":"https:\/\/www.enalion.gr\/de\/wp-json\/wp\/v2\/comments?post=739"}],"version-history":[{"count":0,"href":"https:\/\/www.enalion.gr\/de\/wp-json\/wp\/v2\/pages\/739\/revisions"}],"wp:attachment":[{"href":"https:\/\/www.enalion.gr\/de\/wp-json\/wp\/v2\/media?parent=739"}],"curies":[{"name":"wp","href":"https:\/\/api.w.org\/{rel}","templated":true}]}}