{"id":741,"date":"2018-03-30T15:56:42","date_gmt":"2018-03-30T14:56:42","guid":{"rendered":"http:\/\/www.enalion.com\/rooms-2\/"},"modified":"2018-05-02T13:44:01","modified_gmt":"2018-05-02T12:44:01","slug":"zimmer","status":"publish","type":"page","link":"https:\/\/www.enalion.gr\/de\/zimmer\/","title":{"rendered":"Zimmer"},"content":{"rendered":"<p>[et_pb_section bb_built=&#8220;1&#8243; admin_label=&#8220;Hero&#8220; _builder_version=&#8220;3.1.1&#8243; use_background_color_gradient=&#8220;on&#8220; background_color_gradient_start=&#8220;rgba(0,0,0,0.5)&#8220; background_color_gradient_end=&#8220;rgba(0,0,0,0)&#8220; background_color_gradient_overlays_image=&#8220;on&#8220; background_image=&#8220;https:\/\/www.enalion.gr\/wp-content\/uploads\/2018\/03\/No5_Night_c.jpg&#8220; custom_margin=&#8220;|||&#8220; custom_padding=&#8220;180px||0px|&#8220; bottom_divider_style=&#8220;slant&#8220; bottom_divider_color=&#8220;#ffffff&#8220; bottom_divider_flip=&#8220;horizontal&#8220; animation_style=&#8220;slide&#8220; animation_direction=&#8220;top&#8220; animation_intensity_slide=&#8220;5%&#8220; animation_starting_opacity=&#8220;100%&#8220; next_background_color=&#8220;#ffffff&#8220;][et_pb_row custom_padding=&#8220;0|0px|0|0px&#8220; _builder_version=&#8220;3.0.105&#8243; background_size=&#8220;initial&#8220; background_position=&#8220;top_left&#8220; background_repeat=&#8220;repeat&#8220;][et_pb_column type=&#8220;3_4&#8243;][et_pb_text admin_label=&#8220;Title&#8220; _builder_version=&#8220;3.2&#8243; header_font=&#8220;Montserrat|600|||||||&#8220; header_font_size=&#8220;80px&#8220; header_font_size_phone=&#8220;72px&#8220; header_font_size_last_edited=&#8220;on|phone&#8220; header_line_height=&#8220;1.2em&#8220; background_layout=&#8220;dark&#8220; animation_style=&#8220;zoom&#8220; animation_direction=&#8220;left&#8220; animation_intensity_zoom=&#8220;10%&#8220;]<\/p>\n<h1>Unsere Zimmer<\/h1>\n<p>[\/et_pb_text][et_pb_divider color=&#8220;rgba(255,255,255,0.7)&#8220; divider_weight=&#8220;3px&#8220; _builder_version=&#8220;3.2&#8243; max_width=&#8220;120px&#8220; animation_style=&#8220;zoom&#8220; animation_direction=&#8220;left&#8220;]<\/p>\n<p>&nbsp;<\/p>\n<p>[\/et_pb_divider][et_pb_button button_url=&#8220;https:\/\/www.enalion.gr\/de\/prices\/&#8220; button_text=&#8220;Preise&#8220; _builder_version=&#8220;3.2&#8243; custom_button=&#8220;on&#8220; button_bg_use_color_gradient=&#8220;on&#8220; button_bg_color_gradient_start=&#8220;#4968ff&#8220; button_bg_color_gradient_end=&#8220;#6fe5f3&#8243; button_bg_color_gradient_direction=&#8220;90deg&#8220; button_border_width=&#8220;0px&#8220; button_border_radius=&#8220;0px&#8220; button_font=&#8220;Montserrat|500||on|||||&#8220; button_icon=&#8220;%%3%%&#8220; button_on_hover=&#8220;off&#8220; background_layout=&#8220;dark&#8220; custom_margin=&#8220;100px|||&#8220; custom_padding=&#8220;24px|60px|24px|40px&#8220; animation_style=&#8220;zoom&#8220; animation_direction=&#8220;left&#8220; animation_delay=&#8220;200ms&#8220; animation_intensity_zoom=&#8220;10%&#8220;]<\/p>\n<p>&nbsp;<\/p>\n<p>[\/et_pb_button][\/et_pb_column][et_pb_column type=&#8220;1_4&#8243;][\/et_pb_column][\/et_pb_row][\/et_pb_section][et_pb_section bb_built=&#8220;1&#8243; admin_label=&#8220;Packages&#8220; custom_padding_last_edited=&#8220;on|tablet&#8220; _builder_version=&#8220;3.0.76&#8243; custom_padding=&#8220;88px||110px|&#8220; custom_padding_tablet=&#8220;0px||0px|&#8220; prev_background_color=&#8220;#000000&#8243; next_background_color=&#8220;rgba(0,0,0,0.5)&#8220;][et_pb_row admin_label=&#8220;Packages Title&#8220; custom_padding=&#8220;30px|30px|42px|30px&#8220; custom_padding_tablet=&#8220;60px||0px|&#8220; custom_padding_last_edited=&#8220;on|phone&#8220; _builder_version=&#8220;3.1.1&#8243; box_shadow_style=&#8220;preset6&#8243; locked=&#8220;off&#8220;][et_pb_column type=&#8220;4_4&#8243;][et_pb_text _builder_version=&#8220;3.2&#8243;]<\/p>\n<h2>Hotelausstattung<\/h2>\n<div class=\"sidepictureleft\"><\/div>\n<table border=\"0\" cellspacing=\"0\" cellpadding=\"0\">\n<tbody>\n<tr>\n<td>\n<ul>\n<li>Rezeption und Lobby Lounge<\/li>\n<li>Restaurant mit Meerblick<\/li>\n<li>Fr\u00fchst\u00fccksterrasse und Fr\u00fchst\u00fccksraum mit Meerblick<\/li>\n<li>Caf\u00e9-Bar<\/li>\n<li>Swimmingpool<\/li>\n<li>Liegest\u00fchle und Sonnenschirme am Strand f\u00fcr unsere G\u00e4ste kostenlos<\/li>\n<li>Liegest\u00fchle und Sonnenschirme im Bereich des Pools kostenlos<\/li>\n<li>\u00d6ffentlicher Parkplatz<\/li>\n<li>WI-FI Internet kostenlos<\/li>\n<li>Alle R\u00e4ume sind klimatisiert<\/li>\n<\/ul>\n<\/td>\n<\/tr>\n<\/tbody>\n<\/table>\n<div class=\"clearer\"><\/div>\n<h2><a name=\"1746709da808f5403\"><\/a>Zimmerausstattung<\/h2>\n<div class=\"sidepictureleft\"><\/div>\n<table border=\"0\" cellspacing=\"0\" cellpadding=\"0\">\n<tbody>\n<tr>\n<td>\n<ul>\n<li>Klimaanlage<\/li>\n<li>SAT-TV<\/li>\n<li>Fernseher mit Flachbildschirm<\/li>\n<li>WI-FI Internet<\/li>\n<li>Direkte internationale Anrufe<\/li>\n<li>Alle Zimmer mit K\u00fchlschrank<\/li>\n<li>Zimmer mit Kochnische laut Beschreibung<\/li>\n<li>Behinderten gerechtes Zimmer<\/li>\n<li>Safe<\/li>\n<li>Balkon mit Meerblick oder Bergblick<\/li>\n<li>Babybett, Kindersitzst\u00fchl<\/li>\n<li>T\u00e4gliche Reinigung<\/li>\n<li>Alle Zimmer mit Du\/WC \/ Haarf\u00f6n \/ Hotel amenities<\/li>\n<\/ul>\n<\/td>\n<\/tr>\n<\/tbody>\n<\/table>\n<div class=\"clearer\"><\/div>\n<h2><a name=\"1746709da80918104\"><\/a>Services f\u00fcr unsere Kunden<\/h2>\n<div class=\"sidepictureleft\"><\/div>\n<table border=\"0\" cellspacing=\"0\" cellpadding=\"0\">\n<tbody>\n<tr>\n<td>\n<ul>\n<li>Autovermietung<\/li>\n<li>Ausfl\u00fcge<\/li>\n<li>Kreditkarten akzeptiert<\/li>\n<li>Hafen- und Flughafentransfer (auf Anfrage)<\/li>\n<li>Zimmerservice (gegen Geb\u00fchr)<\/li>\n<li>Sp\u00e4tere check-out m\u00f6glich<\/li>\n<li>\u00c4rtztliche Versorgung<\/li>\n<li>Post-Service<\/li>\n<li>Fax-Service<\/li>\n<li>Zeitschriften und Zeitungen (nach Bestellung)<\/li>\n<li>Babysitter (auf Anfrage)<\/li>\n<li>Haustiere (auf Anfrage)<\/li>\n<li>Waschservice (gegen Geb\u00fchr)<\/li>\n<li>B\u00fcgelservice (gegen Geb\u00fchr)<\/li>\n<\/ul>\n<\/td>\n<\/tr>\n<\/tbody>\n<\/table>\n<p>[\/et_pb_text][et_pb_divider color=&#8220;#ed4441&#8243; divider_position=&#8220;center&#8220; divider_weight=&#8220;3px&#8220; height=&#8220;false&#8220; disabled_on=&#8220;off|off|off&#8220; _builder_version=&#8220;3.2&#8243; max_width=&#8220;150px&#8220; module_alignment=&#8220;center&#8220; custom_margin=&#8220;30px|||&#8220; animation_style=&#8220;slide&#8220; animation_direction=&#8220;top&#8220; animation_delay=&#8220;100ms&#8220; animation_intensity_slide=&#8220;10%&#8220; locked=&#8220;off&#8220;]<\/p>\n<p>&nbsp;<\/p>\n<p>[\/et_pb_divider][\/et_pb_column][\/et_pb_row][et_pb_row admin_label=&#8220;Package&#8220; _builder_version=&#8220;3.0.76&#8243; background_size=&#8220;initial&#8220; background_position=&#8220;top_left&#8220; background_repeat=&#8220;repeat&#8220;][et_pb_column type=&#8220;1_2&#8243;][et_pb_image admin_label=&#8220;Package Image&#8220; src=&#8220;https:\/\/www.enalion.gr\/wp-content\/uploads\/2018\/03\/No1_a.jpg&#8220; _builder_version=&#8220;3.0.101&#8243; animation_style=&#8220;fold&#8220; animation_direction=&#8220;right&#8220; animation_intensity_fold=&#8220;20%&#8220;]<\/p>\n<p>&nbsp;<\/p>\n<p>[\/et_pb_image][\/et_pb_column][et_pb_column type=&#8220;1_2&#8243;][et_pb_text admin_label=&#8220;Standard Zimmer EG mit Poolblick&#8220; _builder_version=&#8220;3.2&#8243; text_font=&#8220;Oswald||||&#8220; text_text_color=&#8220;#1a1a1a&#8220; text_font_size=&#8220;24px&#8220; background_size=&#8220;initial&#8220; background_position=&#8220;top_left&#8220; background_repeat=&#8220;repeat&#8220; animation_style=&#8220;zoom&#8220; animation_direction=&#8220;left&#8220; animation_intensity_zoom=&#8220;10%&#8220;]<\/p>\n<p>Standard Zimmer EG mit Poolblick<\/p>\n<p>[\/et_pb_text][et_pb_text admin_label=&#8220;Description&#8220; _builder_version=&#8220;3.2&#8243; text_font=&#8220;Roboto||||&#8220; text_font_size=&#8220;16px&#8220; text_line_height=&#8220;1.8em&#8220; background_size=&#8220;initial&#8220; background_position=&#8220;top_left&#8220; background_repeat=&#8220;repeat&#8220; animation_style=&#8220;zoom&#8220; animation_direction=&#8220;left&#8220; animation_delay=&#8220;100ms&#8220; animation_intensity_zoom=&#8220;10%&#8220;]<\/p>\n<p>Das Zimmer ist ausgestattet mit 2 Einzelbetten, Klimaanlage, SAT-TV, WI-FI Internet, K\u00fchlschrank und Ecke mit Wasserkocher Kaffeemaschine f\u00fcr Zubereitung von warmen Getr\u00e4nken, Du\/WC. Das Zimmer befindet sich im Erdgescho\u00df und hat eine Veranda mit Blick auf dem Pool und Bergblick.<\/p>\n<p>[\/et_pb_text][et_pb_button button_url=&#8220;https:\/\/www.enalion.gr\/de\/standard-zimmer-eg-mit-poolblick\/&#8220; button_text=&#8220;Mehr&#8230;&#8220; _builder_version=&#8220;3.2&#8243; custom_button=&#8220;on&#8220; button_text_color=&#8220;#1a1a1a&#8220; button_border_color=&#8220;#1a1a1a&#8220; button_border_radius=&#8220;0px&#8220; button_letter_spacing=&#8220;4px&#8220; button_font=&#8220;Oswald|on||on|&#8220; button_icon=&#8220;%%3%%&#8220; button_icon_color=&#8220;#1a1a1a&#8220; button_text_color_hover=&#8220;#1a1a1a&#8220; button_bg_color_hover=&#8220;rgba(0,0,0,0)&#8220; button_border_color_hover=&#8220;#1a1a1a&#8220; button_border_radius_hover=&#8220;0px&#8220; button_letter_spacing_hover=&#8220;4px&#8220; animation_style=&#8220;zoom&#8220; animation_direction=&#8220;left&#8220; animation_delay=&#8220;300ms&#8220; animation_intensity_zoom=&#8220;10%&#8220;]<\/p>\n<p>&nbsp;<\/p>\n<p>[\/et_pb_button][\/et_pb_column][\/et_pb_row][et_pb_row admin_label=&#8220;Package&#8220; _builder_version=&#8220;3.0.67&#8243; background_size=&#8220;initial&#8220; background_position=&#8220;top_left&#8220; background_repeat=&#8220;repeat&#8220;][et_pb_column type=&#8220;1_2&#8243;][et_pb_image admin_label=&#8220;Package Image&#8220; src=&#8220;https:\/\/www.enalion.gr\/wp-content\/uploads\/2018\/03\/No2_a.jpg&#8220; _builder_version=&#8220;3.0.101&#8243; animation_style=&#8220;fold&#8220; animation_direction=&#8220;right&#8220; animation_intensity_fold=&#8220;20%&#8220;]<\/p>\n<p>&nbsp;<\/p>\n<p>[\/et_pb_image][\/et_pb_column][et_pb_column type=&#8220;1_2&#8243;][et_pb_text admin_label=&#8220;Standard Zimmer OG mit Poolblick&#8220; _builder_version=&#8220;3.2&#8243; text_font=&#8220;Oswald||||&#8220; text_text_color=&#8220;#1a1a1a&#8220; text_font_size=&#8220;24px&#8220; background_size=&#8220;initial&#8220; background_position=&#8220;top_left&#8220; background_repeat=&#8220;repeat&#8220; animation_style=&#8220;zoom&#8220; animation_direction=&#8220;left&#8220; animation_intensity_zoom=&#8220;10%&#8220;]<\/p>\n<p>Standard Zimmer OG mit Poolblick<\/p>\n<p>[\/et_pb_text][et_pb_text admin_label=&#8220;Description&#8220; _builder_version=&#8220;3.2&#8243; text_font=&#8220;Roboto||||&#8220; text_font_size=&#8220;16px&#8220; text_line_height=&#8220;1.8em&#8220; background_size=&#8220;initial&#8220; background_position=&#8220;top_left&#8220; background_repeat=&#8220;repeat&#8220; animation_style=&#8220;zoom&#8220; animation_direction=&#8220;left&#8220; animation_delay=&#8220;100ms&#8220; animation_intensity_zoom=&#8220;10%&#8220;]<\/p>\n<p>Das Zimmer ist ausgestattet mit 2 Einzelbetten, Klimaanlage, SAT-TV, WI-FI Internet, K\u00fchlschrank und Ecke mit Wasserkocher Kaffeemaschine f\u00fcr Zubereitung von warmen Getr\u00e4nken, Du\/WC. Das Zimmer befindet sich im Obergeschoss und verf\u00fcgt \u00fcber eine Terrasse mit Gartenm\u00f6beln und Bergblick.<\/p>\n<p>[\/et_pb_text][et_pb_button button_url=&#8220;https:\/\/www.enalion.gr\/de\/standard-room\/&#8220; button_text=&#8220;MEHR&#8230;&#8220; _builder_version=&#8220;3.2&#8243; custom_button=&#8220;on&#8220; button_text_color=&#8220;#1a1a1a&#8220; button_border_color=&#8220;#1a1a1a&#8220; button_border_radius=&#8220;0px&#8220; button_letter_spacing=&#8220;4px&#8220; button_font=&#8220;Oswald|on||on|&#8220; button_icon=&#8220;%%3%%&#8220; button_icon_color=&#8220;#1a1a1a&#8220; button_text_color_hover=&#8220;#1a1a1a&#8220; button_bg_color_hover=&#8220;rgba(0,0,0,0)&#8220; button_border_color_hover=&#8220;#1a1a1a&#8220; button_border_radius_hover=&#8220;0px&#8220; button_letter_spacing_hover=&#8220;4px&#8220; animation_style=&#8220;zoom&#8220; animation_direction=&#8220;left&#8220; animation_delay=&#8220;300ms&#8220; animation_intensity_zoom=&#8220;10%&#8220;]<\/p>\n<p>&nbsp;<\/p>\n<p>[\/et_pb_button][\/et_pb_column][\/et_pb_row][et_pb_row admin_label=&#8220;Package&#8220; _builder_version=&#8220;3.0.67&#8243; background_size=&#8220;initial&#8220; background_position=&#8220;top_left&#8220; background_repeat=&#8220;repeat&#8220;][et_pb_column type=&#8220;1_2&#8243;][et_pb_image admin_label=&#8220;Package Image&#8220; src=&#8220;https:\/\/www.enalion.gr\/wp-content\/uploads\/2018\/03\/No3_a.jpg&#8220; _builder_version=&#8220;3.0.101&#8243; animation_style=&#8220;fold&#8220; animation_direction=&#8220;right&#8220; animation_intensity_fold=&#8220;20%&#8220;]<\/p>\n<p>&nbsp;<\/p>\n<p>[\/et_pb_image][\/et_pb_column][et_pb_column type=&#8220;1_2&#8243;][et_pb_text admin_label=&#8220;Studio with sea view&#8220; _builder_version=&#8220;3.2&#8243; text_font=&#8220;Oswald||||&#8220; text_text_color=&#8220;#1a1a1a&#8220; text_font_size=&#8220;24px&#8220; background_size=&#8220;initial&#8220; background_position=&#8220;top_left&#8220; background_repeat=&#8220;repeat&#8220; animation_style=&#8220;zoom&#8220; animation_direction=&#8220;left&#8220; animation_intensity_zoom=&#8220;10%&#8220;]<\/p>\n<p>Studio mit Meerblick<\/p>\n<p>[\/et_pb_text][et_pb_text admin_label=&#8220;Description&#8220; _builder_version=&#8220;3.2&#8243; text_font=&#8220;Roboto||||&#8220; text_font_size=&#8220;16px&#8220; text_line_height=&#8220;1.8em&#8220; ul_font=&#8220;Arial|600|||||||&#8220; background_size=&#8220;initial&#8220; background_position=&#8220;top_left&#8220; background_repeat=&#8220;repeat&#8220; animation_style=&#8220;zoom&#8220; animation_direction=&#8220;left&#8220; animation_delay=&#8220;100ms&#8220; animation_intensity_zoom=&#8220;10%&#8220;]<\/p>\n<p>1 X Studio f\u00fcr 2-3 Personen (mit Kochnische) \/ Nr. 3: dieses Studio befindet sich im Obergescho\u00df und ist ausgestattet mit einem Doppelbett, Klimaanlage, SAT-TV, Telefon, WI-FI Internet, K\u00fchlschrank, Kochnische*, Du\/WC und Balkon mit Gartenm\u00f6beln und Meerblick.<\/p>\n<p>[\/et_pb_text][et_pb_button button_url=&#8220;https:\/\/www.enalion.gr\/de\/sea-view-studio\/&#8220; button_text=&#8220;Mehr&#8230;&#8220; _builder_version=&#8220;3.2&#8243; custom_button=&#8220;on&#8220; button_text_color=&#8220;#1a1a1a&#8220; button_border_color=&#8220;#1a1a1a&#8220; button_border_radius=&#8220;0px&#8220; button_letter_spacing=&#8220;4px&#8220; button_font=&#8220;Oswald|on||on|&#8220; button_icon=&#8220;%%3%%&#8220; button_icon_color=&#8220;#1a1a1a&#8220; button_text_color_hover=&#8220;#1a1a1a&#8220; button_bg_color_hover=&#8220;rgba(0,0,0,0)&#8220; button_border_color_hover=&#8220;#1a1a1a&#8220; button_border_radius_hover=&#8220;0px&#8220; button_letter_spacing_hover=&#8220;4px&#8220; animation_style=&#8220;zoom&#8220; animation_direction=&#8220;left&#8220; animation_delay=&#8220;300ms&#8220; animation_intensity_zoom=&#8220;10%&#8220;]<\/p>\n<p>&nbsp;<\/p>\n<p>[\/et_pb_button][\/et_pb_column][\/et_pb_row][et_pb_row admin_label=&#8220;Package&#8220; _builder_version=&#8220;3.0.67&#8243; background_size=&#8220;initial&#8220; background_position=&#8220;top_left&#8220; background_repeat=&#8220;repeat&#8220;][et_pb_column type=&#8220;1_2&#8243;][et_pb_image admin_label=&#8220;Package Image&#8220; src=&#8220;https:\/\/www.enalion.gr\/wp-content\/uploads\/2018\/03\/No4_b.jpg&#8220; _builder_version=&#8220;3.0.101&#8243; animation_style=&#8220;fold&#8220; animation_direction=&#8220;right&#8220; animation_intensity_fold=&#8220;20%&#8220;]<\/p>\n<p>&nbsp;<\/p>\n<p>[\/et_pb_image][\/et_pb_column][et_pb_column type=&#8220;1_2&#8243;][et_pb_text admin_label=&#8220;Standard Suite mit Meerblick&#8220; _builder_version=&#8220;3.2&#8243; text_font=&#8220;Oswald||||&#8220; text_text_color=&#8220;#1a1a1a&#8220; text_font_size=&#8220;24px&#8220; background_size=&#8220;initial&#8220; background_position=&#8220;top_left&#8220; background_repeat=&#8220;repeat&#8220; animation_style=&#8220;zoom&#8220; animation_direction=&#8220;left&#8220; animation_intensity_zoom=&#8220;10%&#8220;]<\/p>\n<p>Standard Suite mit Meerblick<\/p>\n<p>[\/et_pb_text][et_pb_text admin_label=&#8220;Description&#8220; _builder_version=&#8220;3.2&#8243; text_font=&#8220;Roboto||||&#8220; text_font_size=&#8220;16px&#8220; text_line_height=&#8220;1.8em&#8220; background_size=&#8220;initial&#8220; background_position=&#8220;top_left&#8220; background_repeat=&#8220;repeat&#8220; animation_style=&#8220;zoom&#8220; animation_direction=&#8220;left&#8220; animation_delay=&#8220;100ms&#8220; animation_intensity_zoom=&#8220;10%&#8220;]<\/p>\n<p>Diese Wohneinheit befindet sich im Obergescho\u00df und verf\u00fcgt \u00fcber 1 Schlafzimmer mit einem Doppelbett und 1 kleines Wohnzimmer mit Kamin und Kochnische*; im Wohnzimmer befindet sich ein Schlafcouch f\u00fcr eine 3. Person und die ganze Wohnung ist ausgestattet mit Klimaanlage, SAT-TV, Telefon, WI-FI Internet, K\u00fchlschrank, Du\/WC und Balkon mit Gartenm\u00f6beln und direktem Meerblick.<\/p>\n<p>[\/et_pb_text][et_pb_button button_url=&#8220;https:\/\/www.enalion.gr\/de\/junior-suite\/&#8220; button_text=&#8220;Mehr&#8230;&#8220; _builder_version=&#8220;3.2&#8243; custom_button=&#8220;on&#8220; button_text_color=&#8220;#1a1a1a&#8220; button_border_color=&#8220;#1a1a1a&#8220; button_border_radius=&#8220;0px&#8220; button_letter_spacing=&#8220;4px&#8220; button_font=&#8220;Oswald|on||on|&#8220; button_icon=&#8220;%%3%%&#8220; button_icon_color=&#8220;#1a1a1a&#8220; button_text_color_hover=&#8220;#1a1a1a&#8220; button_bg_color_hover=&#8220;rgba(0,0,0,0)&#8220; button_border_color_hover=&#8220;#1a1a1a&#8220; button_border_radius_hover=&#8220;0px&#8220; button_letter_spacing_hover=&#8220;4px&#8220; animation_style=&#8220;zoom&#8220; animation_direction=&#8220;left&#8220; animation_delay=&#8220;300ms&#8220; animation_intensity_zoom=&#8220;10%&#8220;]<\/p>\n<p>&nbsp;<\/p>\n<p>[\/et_pb_button][\/et_pb_column][\/et_pb_row][et_pb_row admin_label=&#8220;Package&#8220; _builder_version=&#8220;3.0.67&#8243; background_size=&#8220;initial&#8220; background_position=&#8220;top_left&#8220; background_repeat=&#8220;repeat&#8220;][et_pb_column type=&#8220;1_2&#8243;][et_pb_image admin_label=&#8220;Package Image&#8220; src=&#8220;https:\/\/www.enalion.gr\/wp-content\/uploads\/2018\/04\/No5_Night_c.jpg&#8220; _builder_version=&#8220;3.1.1&#8243; animation_style=&#8220;fold&#8220; animation_direction=&#8220;right&#8220; animation_intensity_fold=&#8220;20%&#8220;]<\/p>\n<p>&nbsp;<\/p>\n<p>[\/et_pb_image][\/et_pb_column][et_pb_column type=&#8220;1_2&#8243;][et_pb_text admin_label=&#8220;Superior suite mit meerblick&#8220; _builder_version=&#8220;3.2&#8243; text_font=&#8220;Oswald||||&#8220; text_text_color=&#8220;#1a1a1a&#8220; text_font_size=&#8220;24px&#8220; background_size=&#8220;initial&#8220; background_position=&#8220;top_left&#8220; background_repeat=&#8220;repeat&#8220; animation_style=&#8220;zoom&#8220; animation_direction=&#8220;left&#8220; animation_intensity_zoom=&#8220;10%&#8220;]<\/p>\n<p>Superior Suite mit Meerblick<\/p>\n<p>[\/et_pb_text][et_pb_text admin_label=&#8220;Description&#8220; _builder_version=&#8220;3.2&#8243; text_font=&#8220;Roboto||||&#8220; text_font_size=&#8220;16px&#8220; text_line_height=&#8220;1.8em&#8220; background_size=&#8220;initial&#8220; background_position=&#8220;top_left&#8220; background_repeat=&#8220;repeat&#8220; animation_style=&#8220;zoom&#8220; animation_direction=&#8220;left&#8220; animation_delay=&#8220;100ms&#8220; animation_intensity_zoom=&#8220;10%&#8220;]<\/p>\n<p>Diese Wohneinheit befindet sich im Obergescho\u00df und verf\u00fcgt \u00fcber 1 Schlafzimmer mit einem Doppelbett und 1 Wohnzimmer mit Kamin und Kochnische*; im Wohnzimmer befindet sich ein Schlafcouch f\u00fcr die 3. und 4. Person; die Wohnung ist ausgestattet mit Klimaanlage, SAT-TV, Telefon, WI-FI Internet, K\u00fchlschrank, Du\/WC und eine gro\u00dfe Terrasse mit Gartenm\u00f6beln und Meerblick sowie auch Bergblick.<\/p>\n<p>[\/et_pb_text][et_pb_button button_url=&#8220;https:\/\/www.enalion.gr\/de\/superior-suite\/&#8220; button_text=&#8220;Mehr&#8230;&#8220; _builder_version=&#8220;3.2&#8243; custom_button=&#8220;on&#8220; button_text_color=&#8220;#1a1a1a&#8220; button_border_color=&#8220;#1a1a1a&#8220; button_border_radius=&#8220;0px&#8220; button_letter_spacing=&#8220;4px&#8220; button_font=&#8220;Oswald|on||on|&#8220; button_icon=&#8220;%%3%%&#8220; button_icon_color=&#8220;#1a1a1a&#8220; button_text_color_hover=&#8220;#1a1a1a&#8220; button_bg_color_hover=&#8220;rgba(0,0,0,0)&#8220; button_border_color_hover=&#8220;#1a1a1a&#8220; button_border_radius_hover=&#8220;0px&#8220; button_letter_spacing_hover=&#8220;4px&#8220; animation_style=&#8220;zoom&#8220; animation_direction=&#8220;left&#8220; animation_delay=&#8220;300ms&#8220; animation_intensity_zoom=&#8220;10%&#8220;]<\/p>\n<p>&nbsp;<\/p>\n<p>[\/et_pb_button][\/et_pb_column][\/et_pb_row][\/et_pb_section][et_pb_section bb_built=&#8220;1&#8243; admin_label=&#8220;Offer&#8220; custom_padding_last_edited=&#8220;on|phone&#8220; _builder_version=&#8220;3.0.101&#8243; background_color=&#8220;rgba(0,0,0,0.5)&#8220; background_image=&#8220;https:\/\/www.enalion.gr\/wp-content\/uploads\/2018\/03\/enalion_kalanera_pelion_07.jpg&#8220; background_blend=&#8220;color&#8220; custom_padding=&#8220;120px||120px|&#8220; custom_padding_tablet=&#8220;80px||80px|&#8220; locked=&#8220;off&#8220; prev_background_color=&#8220;#ffffff&#8220;][et_pb_row custom_margin=&#8220;|||&#8220; _builder_version=&#8220;3.0.101&#8243;][et_pb_column type=&#8220;4_4&#8243;][et_pb_text admin_label=&#8220;CTA Section Subtitle&#8220; _builder_version=&#8220;3.2&#8243; text_font=&#8220;Roboto|on||on|&#8220; text_font_size=&#8220;24px&#8220; text_letter_spacing=&#8220;4px&#8220; text_orientation=&#8220;center&#8220; background_layout=&#8220;dark&#8220; module_alignment=&#8220;center&#8220; animation_style=&#8220;zoom&#8220; animation_intensity_zoom=&#8220;20%&#8220; \/][et_pb_text admin_label=&#8220;CTA Section Title&#8220; _builder_version=&#8220;3.2&#8243; text_font=&#8220;||||&#8220; header_font=&#8220;Oswald|on||on|&#8220; header_text_align=&#8220;center&#8220; header_font_size=&#8220;60px&#8220; header_line_height=&#8220;1.3em&#8220; background_layout=&#8220;dark&#8220; module_alignment=&#8220;center&#8220; custom_margin=&#8220;|||&#8220; custom_padding=&#8220;|||&#8220; animation_style=&#8220;zoom&#8220; animation_delay=&#8220;100ms&#8220; animation_intensity_zoom=&#8220;20%&#8220; locked=&#8220;off&#8220;]<\/p>\n<h1>Genie\u00dfen Sie die Sonne in Pilion<\/h1>\n<p>[\/et_pb_text][et_pb_divider color=&#8220;#ffffff&#8220; divider_position=&#8220;center&#8220; divider_weight=&#8220;3px&#8220; height=&#8220;false&#8220; disabled_on=&#8220;off|off|off&#8220; _builder_version=&#8220;3.2&#8243; max_width=&#8220;150px&#8220; module_alignment=&#8220;center&#8220; animation_style=&#8220;zoom&#8220; animation_delay=&#8220;200ms&#8220; animation_intensity_zoom=&#8220;20%&#8220; locked=&#8220;off&#8220;]<\/p>\n<p>&nbsp;<\/p>\n<p>[\/et_pb_divider][et_pb_text _builder_version=&#8220;3.2&#8243; text_font=&#8220;Roboto||||&#8220; text_font_size=&#8220;24px&#8220; text_line_height=&#8220;1.4em&#8220; text_orientation=&#8220;center&#8220; background_layout=&#8220;dark&#8220; max_width=&#8220;750px&#8220; module_alignment=&#8220;center&#8220; custom_padding=&#8220;30px||40px|&#8220; animation_style=&#8220;zoom&#8220; animation_delay=&#8220;300ms&#8220; animation_intensity_zoom=&#8220;20%&#8220;]<\/p>\n<p>Wir freuen uns auf die Bed\u00fcrfnisse jedes Besuchers zu jeder Jahreszeit. Enalion &#8230; eine Flucht in das Paradies!<\/p>\n<p>[\/et_pb_text][et_pb_button button_url=&#8220;https:\/\/www.enalion.gr\/de\/prices\/&#8220; button_text=&#8220;Preise&#8220; button_alignment=&#8220;center&#8220; _builder_version=&#8220;3.2&#8243; custom_button=&#8220;on&#8220; button_text_color=&#8220;#ffffff&#8220; button_border_radius=&#8220;0px&#8220; button_letter_spacing=&#8220;4px&#8220; button_font=&#8220;Oswald|on||on|&#8220; button_icon=&#8220;%%3%%&#8220; button_icon_color=&#8220;#ffffff&#8220; button_bg_color_hover=&#8220;rgba(0,0,0,0)&#8220; button_border_color_hover=&#8220;#ffffff&#8220; button_border_radius_hover=&#8220;0px&#8220; button_letter_spacing_hover=&#8220;4px&#8220; background_layout=&#8220;dark&#8220; animation_style=&#8220;zoom&#8220; animation_delay=&#8220;400ms&#8220; animation_intensity_zoom=&#8220;20%&#8220;]<\/p>\n<p>&nbsp;<\/p>\n<p>[\/et_pb_button][\/et_pb_column][\/et_pb_row][\/et_pb_section]<\/p>\n","protected":false},"excerpt":{"rendered":"<p>Unsere Zimmer &nbsp; &nbsp; Hotelausstattung Rezeption und Lobby Lounge Restaurant mit Meerblick Fr\u00fchst\u00fccksterrasse und Fr\u00fchst\u00fccksraum mit Meerblick Caf\u00e9-Bar Swimmingpool Liegest\u00fchle und Sonnenschirme am Strand f\u00fcr unsere G\u00e4ste kostenlos Liegest\u00fchle und Sonnenschirme im Bereich des Pools kostenlos \u00d6ffentlicher Parkplatz WI-FI Internet kostenlos Alle R\u00e4ume sind klimatisiert Zimmerausstattung Klimaanlage SAT-TV Fernseher mit Flachbildschirm WI-FI Internet Direkte internationale [&hellip;]<\/p>\n","protected":false},"author":1,"featured_media":0,"parent":0,"menu_order":0,"comment_status":"closed","ping_status":"closed","template":"","meta":{"_et_pb_use_builder":"on","_et_pb_old_content":"","_et_gb_content_width":"","footnotes":""},"class_list":["post-741","page","type-page","status-publish","hentry"],"_links":{"self":[{"href":"https:\/\/www.enalion.gr\/de\/wp-json\/wp\/v2\/pages\/741","targetHints":{"allow":["GET"]}}],"collection":[{"href":"https:\/\/www.enalion.gr\/de\/wp-json\/wp\/v2\/pages"}],"about":[{"href":"https:\/\/www.enalion.gr\/de\/wp-json\/wp\/v2\/types\/page"}],"author":[{"embeddable":true,"href":"https:\/\/www.enalion.gr\/de\/wp-json\/wp\/v2\/users\/1"}],"replies":[{"embeddable":true,"href":"https:\/\/www.enalion.gr\/de\/wp-json\/wp\/v2\/comments?post=741"}],"version-history":[{"count":0,"href":"https:\/\/www.enalion.gr\/de\/wp-json\/wp\/v2\/pages\/741\/revisions"}],"wp:attachment":[{"href":"https:\/\/www.enalion.gr\/de\/wp-json\/wp\/v2\/media?parent=741"}],"curies":[{"name":"wp","href":"https:\/\/api.w.org\/{rel}","templated":true}]}}